{"id":627,"date":"2024-10-24T19:23:53","date_gmt":"2024-10-24T17:23:53","guid":{"rendered":"https:\/\/nwcluster.wpenginepowered.com\/berufsgruppen\/"},"modified":"2025-03-19T14:27:39","modified_gmt":"2025-03-19T13:27:39","slug":"berufsgruppen","status":"publish","type":"page","link":"https:\/\/nwcluster.no\/de\/berufsgruppen\/","title":{"rendered":"Berufsgruppen"},"content":{"rendered":"<div class=\"wpb-content-wrapper\"><p>[vc_row row_height_percent=&#8220;0&#8243; override_padding=&#8220;yes&#8220; h_padding=&#8220;2&#8243; top_padding=&#8220;0&#8243; bottom_padding=&#8220;2&#8243; overlay_alpha=&#8220;50&#8243; gutter_size=&#8220;3&#8243; column_width_percent=&#8220;100&#8243; shift_y=&#8220;0&#8243; z_index=&#8220;0&#8243; content_parallax=&#8220;0&#8243; uncode_shortcode_id=&#8220;144172&#8243;][vc_column column_width_percent=&#8220;100&#8243; gutter_size=&#8220;3&#8243; overlay_alpha=&#8220;50&#8243; shift_x=&#8220;0&#8243; shift_y=&#8220;0&#8243; shift_y_down=&#8220;0&#8243; z_index=&#8220;0&#8243; medium_width=&#8220;0&#8243; mobile_width=&#8220;0&#8243; width=&#8220;1\/2&#8243; uncode_shortcode_id=&#8220;108959&#8243; el_id=&#8220;firstcol&#8220; el_class=&#8220;firstcol&#8220;][vc_empty_space empty_h=&#8220;2&#8243; desktop_visibility=&#8220;yes&#8220;][vc_custom_heading text_color=&#8220;color-176870&#8243; text_size=&#8220;h3&#8243; text_weight=&#8220;400&#8243; uncode_shortcode_id=&#8220;128272&#8243; text_color_type=&#8220;uncode-palette&#8220;]Norwegian Wood Cluster fungiert als Anschlussdose[\/vc_custom_heading][vc_column_text uncode_shortcode_id=&#8220;151910&#8243;]Unsere Fachgruppen bringen Fachleute aus Unternehmen, Universit\u00e4ten und Forschungsinstituten zusammen, um aktuelle Erkenntnisse zu gewinnen, Erfahrungen auszutauschen und gemeinsame Herausforderungen und L\u00f6sungen in der Wertsch\u00f6pfungskette zu diskutieren.<\/p>\n<p>Die Diskussionen in den Fachgruppen f\u00fchren oft zu Projektideen, und wenn die Unternehmen daran interessiert sind, besteht die Rolle des Clusters darin, die Projekte zu entwickeln, zu kl\u00e4ren, wer teilnehmen m\u00f6chte und die Finanzierung zu sichern. Die Fachgruppe, in der das Projekt verankert ist, \u00fcbernimmt oft die Rolle der Referenzgruppe f\u00fcr das Projekt.[\/vc_column_text][\/vc_column][vc_column width=&#8220;1\/2&#8243;][vc_column_text uncode_shortcode_id=&#8220;132906&#8243;][\/vc_column_text][\/vc_column][\/vc_row][vc_row][vc_column column_width_percent=&#8220;100&#8243; gutter_size=&#8220;3&#8243; overlay_alpha=&#8220;50&#8243; border_color=&#8220;color-176870&#8243; border_style=&#8220;solid&#8220; shift_x=&#8220;0&#8243; shift_y=&#8220;0&#8243; shift_y_down=&#8220;0&#8243; z_index=&#8220;0&#8243; medium_width=&#8220;0&#8243; mobile_width=&#8220;0&#8243; width=&#8220;1\/1&#8243; uncode_shortcode_id=&#8220;996676&#8243; css=&#8220;.vc_custom_1731243082191{border-bottom-width: 1px !important;border-left-width: 1px !important;}&#8220; border_color_type=&#8220;uncode-palette&#8220;][vc_row_inner limit_content=&#8220;&#8220;][vc_column_inner width=&#8220;1\/1&#8243;][vc_custom_heading uncode_shortcode_id=&#8220;103434&#8243;]Unsere Berufsgruppen[\/vc_custom_heading][\/vc_column_inner][\/vc_row_inner][\/vc_column][\/vc_row][vc_row][vc_column width=&#8220;1\/3&#8243;][vc_single_image media=&#8220;704&#8243; media_width_percent=&#8220;100&#8243; uncode_shortcode_id=&#8220;197283&#8243;][\/vc_column][vc_column column_width_percent=&#8220;100&#8243; gutter_size=&#8220;0&#8243; overlay_alpha=&#8220;50&#8243; shift_x=&#8220;0&#8243; shift_y=&#8220;0&#8243; shift_y_down=&#8220;0&#8243; z_index=&#8220;0&#8243; medium_width=&#8220;0&#8243; mobile_width=&#8220;0&#8243; width=&#8220;2\/3&#8243; uncode_shortcode_id=&#8220;789055&#8243;][vc_row_inner limit_content=&#8220;&#8220;][vc_column_inner column_width_percent=&#8220;100&#8243; gutter_size=&#8220;1&#8243; overlay_alpha=&#8220;50&#8243; shift_x=&#8220;0&#8243; shift_y=&#8220;0&#8243; shift_y_down=&#8220;0&#8243; z_index=&#8220;0&#8243; medium_width=&#8220;0&#8243; mobile_width=&#8220;0&#8243; width=&#8220;1\/1&#8243; uncode_shortcode_id=&#8220;129922&#8243;][vc_custom_heading uncode_shortcode_id=&#8220;151616&#8243;]Nachhaltigkeit[\/vc_custom_heading][vc_column_text text_color=&#8220;color-prif&#8220; uncode_shortcode_id=&#8220;161602&#8243; text_color_type=&#8220;uncode-palette&#8220;]Die Gruppe wird von Berit Sanness geleitet.[\/vc_column_text][\/vc_column_inner][\/vc_row_inner][vc_row_inner row_inner_height_percent=&#8220;0&#8243; overlay_alpha=&#8220;50&#8243; gutter_size=&#8220;3&#8243; shift_y=&#8220;0&#8243; z_index=&#8220;0&#8243; uncode_shortcode_id=&#8220;169679&#8243; limit_content=&#8220;&#8220;][vc_column_inner width=&#8220;1\/2&#8243;][vc_column_text uncode_shortcode_id=&#8220;131697&#8243;]Die Entwicklung neuer holzbasierter, industrieller und nachhaltiger Baul\u00f6sungen ist ein wichtiger Schritt auf dem Weg zu einer Gesellschaft mit geringeren Emissionen. Die technische Gruppe wird eine treibende Kraft bei der Reduzierung des CO2-Fu\u00dfabdrucks in der Wertsch\u00f6pfungskette sein und insbesondere zur Dokumentation beitragen.[\/vc_column_text][\/vc_column_inner][vc_column_inner width=&#8220;1\/2&#8243;][vc_column_text uncode_shortcode_id=&#8220;176102&#8243;]Schl\u00fcsselbereiche sind die Nachhaltigkeitsberichterstattung und die Entwicklung neuer Kreislaufl\u00f6sungen f\u00fcr die Wertsch\u00f6pfungskette. Weitere wichtige Bereiche sind die Klima- und Umweltanforderungen f\u00fcr die Wertsch\u00f6pfungskette und die Treibhausgasbilanzierung.[\/vc_column_text][\/vc_column_inner][\/vc_row_inner][\/vc_column][\/vc_row][vc_row][vc_column width=&#8220;1\/1&#8243;][vc_separator sep_color=&#8220;color-176870&#8243; uncode_shortcode_id=&#8220;170075&#8243; sep_color_type=&#8220;uncode-palette&#8220;][\/vc_column][\/vc_row][vc_row][vc_column width=&#8220;1\/3&#8243;][vc_single_image media=&#8220;707&#8243; media_width_percent=&#8220;100&#8243; uncode_shortcode_id=&#8220;124785&#8243;][\/vc_column][vc_column column_width_percent=&#8220;100&#8243; gutter_size=&#8220;0&#8243; overlay_alpha=&#8220;50&#8243; shift_x=&#8220;0&#8243; shift_y=&#8220;0&#8243; shift_y_down=&#8220;0&#8243; z_index=&#8220;0&#8243; medium_width=&#8220;0&#8243; mobile_width=&#8220;0&#8243; width=&#8220;2\/3&#8243; uncode_shortcode_id=&#8220;789055&#8243;][vc_row_inner limit_content=&#8220;&#8220;][vc_column_inner column_width_percent=&#8220;100&#8243; gutter_size=&#8220;1&#8243; overlay_alpha=&#8220;50&#8243; shift_x=&#8220;0&#8243; shift_y=&#8220;0&#8243; shift_y_down=&#8220;0&#8243; z_index=&#8220;0&#8243; medium_width=&#8220;0&#8243; mobile_width=&#8220;0&#8243; width=&#8220;1\/1&#8243; uncode_shortcode_id=&#8220;129922&#8243;][vc_custom_heading uncode_shortcode_id=&#8220;722886&#8243;]Digitalisierung und Automatisierung[\/vc_custom_heading][vc_column_text text_color=&#8220;color-prif&#8220; uncode_shortcode_id=&#8220;585208&#8243; text_color_type=&#8220;uncode-palette&#8220;]Die Gruppe wird geleitet von | H\u00e5vard S\u00f8rlie[\/vc_column_text][\/vc_column_inner][\/vc_row_inner][vc_row_inner row_inner_height_percent=&#8220;0&#8243; overlay_alpha=&#8220;50&#8243; gutter_size=&#8220;3&#8243; shift_y=&#8220;0&#8243; z_index=&#8220;0&#8243; uncode_shortcode_id=&#8220;169679&#8243; limit_content=&#8220;&#8220;][vc_column_inner width=&#8220;1\/2&#8243;][vc_column_text uncode_shortcode_id=&#8220;271318&#8243;]Wie kann die Holzindustrie ihre Gewinne durch eine optimierte Nutzung von Daten steigern? Wie k\u00f6nnen Sie die Treibhausgasemissionen reduzieren, gute HSE-Systeme aufbauen und eine Optimierung von Produktion und Logistik sicherstellen?[\/vc_column_text][\/vc_column_inner][vc_column_inner width=&#8220;1\/2&#8243;][vc_column_text uncode_shortcode_id=&#8220;430846&#8243;]Das Digitalisierungs- und Automatisierungsteam wird daran arbeiten, die Produktion in der Wertsch\u00f6pfungskette zu optimieren, vom Wald bis zum fertigen Geb\u00e4ude.[\/vc_column_text][\/vc_column_inner][\/vc_row_inner][\/vc_column][\/vc_row][vc_row][vc_column width=&#8220;1\/1&#8243;][vc_separator sep_color=&#8220;color-176870&#8243; uncode_shortcode_id=&#8220;170075&#8243; sep_color_type=&#8220;uncode-palette&#8220;][\/vc_column][\/vc_row][vc_row][vc_column width=&#8220;1\/3&#8243;][vc_single_image media=&#8220;220&#8243; media_width_percent=&#8220;100&#8243; uncode_shortcode_id=&#8220;823481&#8243;][\/vc_column][vc_column column_width_percent=&#8220;100&#8243; gutter_size=&#8220;0&#8243; overlay_alpha=&#8220;50&#8243; shift_x=&#8220;0&#8243; shift_y=&#8220;0&#8243; shift_y_down=&#8220;0&#8243; z_index=&#8220;0&#8243; medium_width=&#8220;0&#8243; mobile_width=&#8220;0&#8243; width=&#8220;2\/3&#8243; uncode_shortcode_id=&#8220;789055&#8243;][vc_row_inner limit_content=&#8220;&#8220;][vc_column_inner column_width_percent=&#8220;100&#8243; gutter_size=&#8220;1&#8243; overlay_alpha=&#8220;50&#8243; shift_x=&#8220;0&#8243; shift_y=&#8220;0&#8243; shift_y_down=&#8220;0&#8243; z_index=&#8220;0&#8243; medium_width=&#8220;0&#8243; mobile_width=&#8220;0&#8243; width=&#8220;1\/1&#8243; uncode_shortcode_id=&#8220;129922&#8243;][vc_custom_heading uncode_shortcode_id=&#8220;101754&#8243;]L\u00f6sungen f\u00fcr zuk\u00fcnftige Geb\u00e4ude[\/vc_custom_heading][vc_column_text text_color=&#8220;color-prif&#8220; uncode_shortcode_id=&#8220;162757&#8243; text_color_type=&#8220;uncode-palette&#8220;]Die Gruppe wird von Julie Gedde-Dahl geleitet.[\/vc_column_text][\/vc_column_inner][\/vc_row_inner][vc_row_inner row_inner_height_percent=&#8220;0&#8243; overlay_alpha=&#8220;50&#8243; gutter_size=&#8220;3&#8243; shift_y=&#8220;0&#8243; z_index=&#8220;0&#8243; uncode_shortcode_id=&#8220;169679&#8243; limit_content=&#8220;&#8220;][vc_column_inner width=&#8220;1\/2&#8243;][vc_column_text uncode_shortcode_id=&#8220;134673&#8243;]Die Bauindustrie ist f\u00fcr 40 Prozent der weltweiten Treibhausgasemissionen verantwortlich, und eine der L\u00f6sungen f\u00fcr den Klimawandel ist der verst\u00e4rkte Einsatz von biobasierten Materialien. Wenn Holzwerkstoffe in gr\u00f6\u00dferem Umfang klimasch\u00e4dliche Materialien ersetzen sollen, m\u00fcssen wir flexible, innovative und wettbewerbsf\u00e4hige Baul\u00f6sungen anbieten, die von Kunden und der Gesellschaft nachgefragt werden.[\/vc_column_text][\/vc_column_inner][vc_column_inner width=&#8220;1\/2&#8243;][vc_column_text uncode_shortcode_id=&#8220;158444&#8243;]Die Gruppe f\u00fcr zuk\u00fcnftige Geb\u00e4udel\u00f6sungen wird daran arbeiten, wettbewerbsf\u00e4higere L\u00f6sungen zu entwickeln und das Fachwissen und die Dokumentation in Bereichen wie Feuer, Schall und Wiederverwendung zu verbessern.[\/vc_column_text][\/vc_column_inner][\/vc_row_inner][\/vc_column][\/vc_row][vc_row][vc_column width=&#8220;1\/1&#8243;][vc_separator sep_color=&#8220;color-176870&#8243; uncode_shortcode_id=&#8220;170075&#8243; sep_color_type=&#8220;uncode-palette&#8220;][\/vc_column][\/vc_row][vc_row][vc_column width=&#8220;1\/3&#8243;][vc_single_image media=&#8220;222&#8243; media_width_percent=&#8220;100&#8243; uncode_shortcode_id=&#8220;131715&#8243;][\/vc_column][vc_column column_width_percent=&#8220;100&#8243; gutter_size=&#8220;0&#8243; overlay_alpha=&#8220;50&#8243; shift_x=&#8220;0&#8243; shift_y=&#8220;0&#8243; shift_y_down=&#8220;0&#8243; z_index=&#8220;0&#8243; medium_width=&#8220;0&#8243; mobile_width=&#8220;0&#8243; width=&#8220;2\/3&#8243; uncode_shortcode_id=&#8220;789055&#8243;][vc_row_inner limit_content=&#8220;&#8220;][vc_column_inner column_width_percent=&#8220;100&#8243; gutter_size=&#8220;1&#8243; overlay_alpha=&#8220;50&#8243; shift_x=&#8220;0&#8243; shift_y=&#8220;0&#8243; shift_y_down=&#8220;0&#8243; z_index=&#8220;0&#8243; medium_width=&#8220;0&#8243; mobile_width=&#8220;0&#8243; width=&#8220;1\/1&#8243; uncode_shortcode_id=&#8220;129922&#8243;][vc_custom_heading uncode_shortcode_id=&#8220;341555&#8243;]Fachwissen[\/vc_custom_heading][vc_column_text text_color=&#8220;color-prif&#8220; uncode_shortcode_id=&#8220;304759&#8243; text_color_type=&#8220;uncode-palette&#8220;]Die Gruppe wird von Berit Sanness geleitet.[\/vc_column_text][\/vc_column_inner][\/vc_row_inner][vc_row_inner row_inner_height_percent=&#8220;0&#8243; overlay_alpha=&#8220;50&#8243; gutter_size=&#8220;3&#8243; shift_y=&#8220;0&#8243; z_index=&#8220;0&#8243; uncode_shortcode_id=&#8220;169679&#8243; limit_content=&#8220;&#8220;][vc_column_inner width=&#8220;1\/2&#8243;][vc_column_text uncode_shortcode_id=&#8220;101693&#8243;]Wir leben in einer Zeit, in der Produkte und L\u00f6sungen in rasantem Tempo entwickelt werden, und die Verbraucher erwarten hohe Qualit\u00e4t und eine gute Dokumentation. Gleichzeitig wird der Wettbewerb um Arbeitskr\u00e4fte immer h\u00e4rter, was teilweise auf die sinkenden Studentenzahlen zur\u00fcckzuf\u00fchren ist.[\/vc_column_text][\/vc_column_inner][vc_column_inner width=&#8220;1\/2&#8243;][vc_column_text uncode_shortcode_id=&#8220;111744&#8243;]Die Aufgabe der Kompetenzgruppe besteht darin, Systeme f\u00fcr die Kompetenzentwicklung in der gesamten Branche zu entwickeln, sowohl f\u00fcr Einzelpersonen als auch f\u00fcr Unternehmen. Die Angebote m\u00fcssen sowohl junge Menschen in der Bildungswahl als auch Erwachsene, die sich weiterbilden wollen, erreichen. Kompetente Mitarbeiter sind entscheidend f\u00fcr die Wettbewerbsf\u00e4higkeit.[\/vc_column_text][\/vc_column_inner][\/vc_row_inner][\/vc_column][\/vc_row][vc_row][vc_column width=&#8220;1\/1&#8243;][vc_separator sep_color=&#8220;color-176870&#8243; uncode_shortcode_id=&#8220;170075&#8243; sep_color_type=&#8220;uncode-palette&#8220;][\/vc_column][\/vc_row][vc_row][vc_column width=&#8220;1\/3&#8243;][vc_single_image media=&#8220;223&#8243; media_width_percent=&#8220;100&#8243; uncode_shortcode_id=&#8220;167849&#8243;][\/vc_column][vc_column column_width_percent=&#8220;100&#8243; gutter_size=&#8220;0&#8243; overlay_alpha=&#8220;50&#8243; shift_x=&#8220;0&#8243; shift_y=&#8220;0&#8243; shift_y_down=&#8220;0&#8243; z_index=&#8220;0&#8243; medium_width=&#8220;0&#8243; mobile_width=&#8220;0&#8243; width=&#8220;2\/3&#8243; uncode_shortcode_id=&#8220;789055&#8243;][vc_row_inner limit_content=&#8220;&#8220;][vc_column_inner column_width_percent=&#8220;100&#8243; gutter_size=&#8220;1&#8243; overlay_alpha=&#8220;50&#8243; shift_x=&#8220;0&#8243; shift_y=&#8220;0&#8243; shift_y_down=&#8220;0&#8243; z_index=&#8220;0&#8243; medium_width=&#8220;0&#8243; mobile_width=&#8220;0&#8243; width=&#8220;1\/1&#8243; uncode_shortcode_id=&#8220;129922&#8243;][vc_custom_heading uncode_shortcode_id=&#8220;631935&#8243;]Kommunikation[\/vc_custom_heading][vc_column_text text_color=&#8220;color-prif&#8220; uncode_shortcode_id=&#8220;195926&#8243; text_color_type=&#8220;uncode-palette&#8220;]Die Gruppe wird geleitet von Mari Blokhus Nordtun[\/vc_column_text][\/vc_column_inner][\/vc_row_inner][vc_row_inner row_inner_height_percent=&#8220;0&#8243; overlay_alpha=&#8220;50&#8243; gutter_size=&#8220;3&#8243; shift_y=&#8220;0&#8243; z_index=&#8220;0&#8243; uncode_shortcode_id=&#8220;169679&#8243; limit_content=&#8220;&#8220;][vc_column_inner width=&#8220;1\/2&#8243;][vc_column_text uncode_shortcode_id=&#8220;438228&#8243;]Die Fachgruppe wird dazu beitragen, die Kommunikations- und Marketingexpertise f\u00fcr die Mitgliedsunternehmen und f\u00fcr den Cluster weiter auszubauen. Wir werden in unserer Kommunikation f\u00fcr die Forst- und Holzwirtschaft werben, um die Anwerbung f\u00fcr Ausbildung und Berufe in der Branche zu verst\u00e4rken.[\/vc_column_text][\/vc_column_inner][vc_column_inner width=&#8220;1\/2&#8243;][vc_column_text uncode_shortcode_id=&#8220;211288&#8243;]Dar\u00fcber hinaus werden wir daran arbeiten, die positiven Eigenschaften von Holzmaterialien zu dokumentieren, sowohl in technischer als auch in \u00f6kologischer Hinsicht.[\/vc_column_text][\/vc_column_inner][\/vc_row_inner][\/vc_column][\/vc_row][vc_row][vc_column width=&#8220;1\/3&#8243;][vc_single_image media=&#8220;710&#8243; media_width_percent=&#8220;100&#8243; uncode_shortcode_id=&#8220;202213&#8243;][\/vc_column][vc_column column_width_percent=&#8220;100&#8243; gutter_size=&#8220;0&#8243; overlay_alpha=&#8220;50&#8243; shift_x=&#8220;0&#8243; shift_y=&#8220;0&#8243; shift_y_down=&#8220;0&#8243; z_index=&#8220;0&#8243; medium_width=&#8220;0&#8243; mobile_width=&#8220;0&#8243; width=&#8220;2\/3&#8243; uncode_shortcode_id=&#8220;789055&#8243;][vc_row_inner limit_content=&#8220;&#8220;][vc_column_inner column_width_percent=&#8220;100&#8243; gutter_size=&#8220;1&#8243; overlay_alpha=&#8220;50&#8243; shift_x=&#8220;0&#8243; shift_y=&#8220;0&#8243; shift_y_down=&#8220;0&#8243; z_index=&#8220;0&#8243; medium_width=&#8220;0&#8243; mobile_width=&#8220;0&#8243; width=&#8220;1\/1&#8243; uncode_shortcode_id=&#8220;129922&#8243;][vc_custom_heading uncode_shortcode_id=&#8220;132967&#8243;]Internationalisierung[\/vc_custom_heading][vc_column_text text_color=&#8220;color-prif&#8220; uncode_shortcode_id=&#8220;211991&#8243; text_color_type=&#8220;uncode-palette&#8220;]Die Gruppe wird von Berit Sanness geleitet.[\/vc_column_text][\/vc_column_inner][\/vc_row_inner][vc_row_inner row_inner_height_percent=&#8220;0&#8243; overlay_alpha=&#8220;50&#8243; gutter_size=&#8220;3&#8243; shift_y=&#8220;0&#8243; z_index=&#8220;0&#8243; uncode_shortcode_id=&#8220;169679&#8243; limit_content=&#8220;&#8220;][vc_column_inner width=&#8220;1\/2&#8243;][vc_column_text uncode_shortcode_id=&#8220;805842&#8243;]Diese Fachgruppe wird im Jahr 2025 gegr\u00fcndet, um ein Treffpunkt und eine Arena f\u00fcr Mitgliedsunternehmen zu werden, die Fachwissen und Netzwerke im Zusammenhang mit Internationalisierung und Exporten entwickeln m\u00f6chten.[\/vc_column_text][\/vc_column_inner][vc_column_inner width=&#8220;1\/2&#8243;][vc_column_text uncode_shortcode_id=&#8220;174279&#8243;]Eines der Ziele des Clusters ist es, zu einer verst\u00e4rkten Internationalisierung beizutragen, indem der Exportwert der Unternehmen bis 2035 um 40% gesteigert wird (verglichen mit dem Stand von 2024). Einige der Mitgliedsunternehmen des Clusters haben bereits gro\u00dfe Exporte und eigene Vertriebsorganisationen, w\u00e4hrend andere ihre Exporte steigern wollen.[\/vc_column_text][\/vc_column_inner][\/vc_row_inner][\/vc_column][\/vc_row]<\/p>\n<\/div>","protected":false},"excerpt":{"rendered":"<p>[vc_row row_height_percent=&#8220;0&#8243; override_padding=&#8220;yes&#8220; h_padding=&#8220;2&#8243; top_padding=&#8220;0&#8243; bottom_padding=&#8220;2&#8243; overlay_alpha=&#8220;50&#8243; gutter_size=&#8220;3&#8243; column_width_percent=&#8220;100&#8243; shift_y=&#8220;0&#8243; z_index=&#8220;0&#8243; content_parallax=&#8220;0&#8243; uncode_shortcode_id=&#8220;144172&#8243;][vc_column column_width_percent=&#8220;100&#8243; gutter_size=&#8220;3&#8243; overlay_alpha=&#8220;50&#8243; shift_x=&#8220;0&#8243; shift_y=&#8220;0&#8243; shift_y_down=&#8220;0&#8243; z_index=&#8220;0&#8243; [&hellip;]<\/p>\n","protected":false},"author":1,"featured_media":0,"parent":0,"menu_order":0,"comment_status":"closed","ping_status":"closed","template":"","meta":{"_acf_changed":false,"footnotes":""},"class_list":["post-627","page","type-page","status-publish","hentry"],"acf":[],"yoast_head":"<!-- This site is optimized with the Yoast SEO plugin v26.3 - https:\/\/yoast.com\/wordpress\/plugins\/seo\/ -->\n<title>Berufsgruppen - Norwegian Wood Cluster<\/title>\n<meta name=\"robots\" content=\"index, follow, max-snippet:-1, max-image-preview:large, max-video-preview:-1\" \/>\n<link rel=\"canonical\" href=\"https:\/\/nwcluster.no\/de\/berufsgruppen\/\" \/>\n<meta property=\"og:locale\" content=\"de_DE\" \/>\n<meta property=\"og:type\" content=\"article\" \/>\n<meta property=\"og:title\" content=\"Berufsgruppen - Norwegian Wood Cluster\" \/>\n<meta property=\"og:description\" content=\"[vc_row row_height_percent=&#8220;0&#8243; override_padding=&#8220;yes&#8220; h_padding=&#8220;2&#8243; top_padding=&#8220;0&#8243; bottom_padding=&#8220;2&#8243; overlay_alpha=&#8220;50&#8243; gutter_size=&#8220;3&#8243; column_width_percent=&#8220;100&#8243; shift_y=&#8220;0&#8243; z_index=&#8220;0&#8243; content_parallax=&#8220;0&#8243; uncode_shortcode_id=&#8220;144172&#8243;][vc_column column_width_percent=&#8220;100&#8243; gutter_size=&#8220;3&#8243; overlay_alpha=&#8220;50&#8243; shift_x=&#8220;0&#8243; shift_y=&#8220;0&#8243; shift_y_down=&#8220;0&#8243; z_index=&#8220;0&#8243; [&hellip;]\" \/>\n<meta property=\"og:url\" content=\"https:\/\/nwcluster.no\/de\/berufsgruppen\/\" \/>\n<meta property=\"og:site_name\" content=\"Norwegian Wood Cluster\" \/>\n<meta property=\"article:modified_time\" content=\"2025-03-19T13:27:39+00:00\" \/>\n<meta name=\"twitter:card\" content=\"summary_large_image\" \/>\n<meta name=\"twitter:label1\" content=\"Est. reading time\" \/>\n\t<meta name=\"twitter:data1\" content=\"9 Minuten\" \/>\n<script type=\"application\/ld+json\" class=\"yoast-schema-graph\">{\"@context\":\"https:\/\/schema.org\",\"@graph\":[{\"@type\":\"WebPage\",\"@id\":\"https:\/\/nwcluster.no\/de\/berufsgruppen\/\",\"url\":\"https:\/\/nwcluster.no\/de\/berufsgruppen\/\",\"name\":\"Berufsgruppen - Norwegian Wood Cluster\",\"isPartOf\":{\"@id\":\"https:\/\/nwcluster.no\/de\/#website\"},\"datePublished\":\"2024-10-24T17:23:53+00:00\",\"dateModified\":\"2025-03-19T13:27:39+00:00\",\"breadcrumb\":{\"@id\":\"https:\/\/nwcluster.no\/de\/berufsgruppen\/#breadcrumb\"},\"inLanguage\":\"de\",\"potentialAction\":[{\"@type\":\"ReadAction\",\"target\":[\"https:\/\/nwcluster.no\/de\/berufsgruppen\/\"]}]},{\"@type\":\"BreadcrumbList\",\"@id\":\"https:\/\/nwcluster.no\/de\/berufsgruppen\/#breadcrumb\",\"itemListElement\":[{\"@type\":\"ListItem\",\"position\":1,\"name\":\"Home\",\"item\":\"https:\/\/nwcluster.no\/de\/\"},{\"@type\":\"ListItem\",\"position\":2,\"name\":\"Berufsgruppen\"}]},{\"@type\":\"WebSite\",\"@id\":\"https:\/\/nwcluster.no\/de\/#website\",\"url\":\"https:\/\/nwcluster.no\/de\/\",\"name\":\"Norwegian Wood Cluster\",\"description\":\"Vi gir verden innovative ogb\u00e6rekraftige byggel\u00f8sninger i tre\",\"potentialAction\":[{\"@type\":\"SearchAction\",\"target\":{\"@type\":\"EntryPoint\",\"urlTemplate\":\"https:\/\/nwcluster.no\/de\/?s={search_term_string}\"},\"query-input\":{\"@type\":\"PropertyValueSpecification\",\"valueRequired\":true,\"valueName\":\"search_term_string\"}}],\"inLanguage\":\"de\"}]}<\/script>\n<!-- \/ Yoast SEO plugin. -->","yoast_head_json":{"title":"Berufsgruppen - Norwegian Wood Cluster","robots":{"index":"index","follow":"follow","max-snippet":"max-snippet:-1","max-image-preview":"max-image-preview:large","max-video-preview":"max-video-preview:-1"},"canonical":"https:\/\/nwcluster.no\/de\/berufsgruppen\/","og_locale":"de_DE","og_type":"article","og_title":"Berufsgruppen - Norwegian Wood Cluster","og_description":"[vc_row row_height_percent=&#8220;0&#8243; override_padding=&#8220;yes&#8220; h_padding=&#8220;2&#8243; top_padding=&#8220;0&#8243; bottom_padding=&#8220;2&#8243; overlay_alpha=&#8220;50&#8243; gutter_size=&#8220;3&#8243; column_width_percent=&#8220;100&#8243; shift_y=&#8220;0&#8243; z_index=&#8220;0&#8243; content_parallax=&#8220;0&#8243; uncode_shortcode_id=&#8220;144172&#8243;][vc_column column_width_percent=&#8220;100&#8243; gutter_size=&#8220;3&#8243; overlay_alpha=&#8220;50&#8243; shift_x=&#8220;0&#8243; shift_y=&#8220;0&#8243; shift_y_down=&#8220;0&#8243; z_index=&#8220;0&#8243; [&hellip;]","og_url":"https:\/\/nwcluster.no\/de\/berufsgruppen\/","og_site_name":"Norwegian Wood Cluster","article_modified_time":"2025-03-19T13:27:39+00:00","twitter_card":"summary_large_image","twitter_misc":{"Est. reading time":"9 Minuten"},"schema":{"@context":"https:\/\/schema.org","@graph":[{"@type":"WebPage","@id":"https:\/\/nwcluster.no\/de\/berufsgruppen\/","url":"https:\/\/nwcluster.no\/de\/berufsgruppen\/","name":"Berufsgruppen - Norwegian Wood Cluster","isPartOf":{"@id":"https:\/\/nwcluster.no\/de\/#website"},"datePublished":"2024-10-24T17:23:53+00:00","dateModified":"2025-03-19T13:27:39+00:00","breadcrumb":{"@id":"https:\/\/nwcluster.no\/de\/berufsgruppen\/#breadcrumb"},"inLanguage":"de","potentialAction":[{"@type":"ReadAction","target":["https:\/\/nwcluster.no\/de\/berufsgruppen\/"]}]},{"@type":"BreadcrumbList","@id":"https:\/\/nwcluster.no\/de\/berufsgruppen\/#breadcrumb","itemListElement":[{"@type":"ListItem","position":1,"name":"Home","item":"https:\/\/nwcluster.no\/de\/"},{"@type":"ListItem","position":2,"name":"Berufsgruppen"}]},{"@type":"WebSite","@id":"https:\/\/nwcluster.no\/de\/#website","url":"https:\/\/nwcluster.no\/de\/","name":"Norwegian Wood Cluster","description":"Vi gir verden innovative ogb\u00e6rekraftige byggel\u00f8sninger i tre","potentialAction":[{"@type":"SearchAction","target":{"@type":"EntryPoint","urlTemplate":"https:\/\/nwcluster.no\/de\/?s={search_term_string}"},"query-input":{"@type":"PropertyValueSpecification","valueRequired":true,"valueName":"search_term_string"}}],"inLanguage":"de"}]}},"_links":{"self":[{"href":"https:\/\/nwcluster.no\/de\/wp-json\/wp\/v2\/pages\/627","targetHints":{"allow":["GET"]}}],"collection":[{"href":"https:\/\/nwcluster.no\/de\/wp-json\/wp\/v2\/pages"}],"about":[{"href":"https:\/\/nwcluster.no\/de\/wp-json\/wp\/v2\/types\/page"}],"author":[{"embeddable":true,"href":"https:\/\/nwcluster.no\/de\/wp-json\/wp\/v2\/users\/1"}],"replies":[{"embeddable":true,"href":"https:\/\/nwcluster.no\/de\/wp-json\/wp\/v2\/comments?post=627"}],"version-history":[{"count":0,"href":"https:\/\/nwcluster.no\/de\/wp-json\/wp\/v2\/pages\/627\/revisions"}],"wp:attachment":[{"href":"https:\/\/nwcluster.no\/de\/wp-json\/wp\/v2\/media?parent=627"}],"curies":[{"name":"wp","href":"https:\/\/api.w.org\/{rel}","templated":true}]}}