{"id":1908,"date":"2025-09-15T12:43:58","date_gmt":"2025-09-15T10:43:58","guid":{"rendered":"https:\/\/nwcluster.no\/datenschutzbestimmungen\/"},"modified":"2025-09-15T12:44:29","modified_gmt":"2025-09-15T10:44:29","slug":"datenschutzbestimmungen","status":"publish","type":"page","link":"https:\/\/nwcluster.no\/de\/datenschutzbestimmungen\/","title":{"rendered":"Datenschutzbestimmungen"},"content":{"rendered":"<div class=\"wpb-content-wrapper\"><p>[vc_row row_height_percent=&#8220;0&#8243; overlay_alpha=&#8220;50&#8243; gutter_size=&#8220;3&#8243; column_width_use_pixel=&#8220;yes&#8220; shift_y=&#8220;0&#8243; z_index=&#8220;0&#8243; content_parallax=&#8220;0&#8243; uncode_shortcode_id=&#8220;364407&#8243; column_width_pixel=&#8220;900&#8243;][vc_column width=&#8220;1\/1&#8243;][vc_custom_heading uncode_shortcode_id=&#8220;315476&#8243;]Datenschutzbestimmungen<\/p>\n<p>[\/vc_custom_heading][vc_column_text uncode_shortcode_id=&#8220;372227&#8243;]Die Datenschutzerkl\u00e4rung soll Ihnen die Gewissheit geben, dass wir Informationen \u00fcber Sie auf korrekte Art und Weise verarbeiten. Unser Ziel ist es, dass Sie sich stets sicher f\u00fchlen und darauf vertrauen k\u00f6nnen, dass wir Ihre pers\u00f6nlichen Daten mit Respekt behandeln und Ihnen die Kontrolle dar\u00fcber geben. <\/p>\n<p>Es ist wichtig, dass Sie wissen, welche pers\u00f6nlichen Daten Norwegian Wood Cluster \u00fcber Sie sammelt und wie wir sie verwenden.<br \/>\nSollten wir wesentliche \u00c4nderungen an unserer Datenschutzpolitik vornehmen, werden wir Sie dar\u00fcber informieren. Falls erforderlich, werden wir Sie auch um Ihre Zustimmung bitten. <\/p>\n<p><strong>Datenschutzbestimmungen<\/strong><\/p>\n<p>Wie diese Richtlinie f\u00fcr Sie gilt, h\u00e4ngt von der Art des Kontakts ab, den Sie mit uns haben. Zum Beispiel:<br \/>\n1. Wenn Sie an einer Veranstaltung, einem Kurs oder einer Zusammenarbeit teilnehmen, die von Norwegian Wood Cluster organisiert wird, werden wir die Informationen, die Sie uns zur Verf\u00fcgung stellen, verwenden, um sowohl unsere Verpflichtungen als auch die unserer Partner zu erf\u00fcllen, um Ihnen den Service zu liefern, und wir werden Sie, falls erlaubt, \u00fcber andere Veranstaltungen, die f\u00fcr Sie von Interesse sein k\u00f6nnten, auf dem Laufenden halten. <\/p>\n<p>2. Wenn Sie auf unseren Websites surfen, verwenden wir Cookies, um Ihnen ein personalisiertes und hoffentlich nahtloses Benutzererlebnis zu bieten. Wenn Sie bei uns Beratung erhalten oder ein Inkubationsunternehmen sind, speichern wir Informationen, die f\u00fcr die bestm\u00f6gliche Beratung relevant sind. <\/p>\n<p>Die Wahlm\u00f6glichkeiten und Rechte, die Sie in den verschiedenen F\u00e4llen haben, werden im Folgenden n\u00e4her erl\u00e4utert.<\/p>\n<p><strong>Welche Informationen haben wir und woher bekommen wir sie?<\/strong><\/p>\n<p>Wir sammeln und speichern verschiedene Arten von Informationen \u00fcber Sie, wenn Sie sich f\u00fcr Veranstaltungen anmelden, Rat und Anleitung suchen, an Projekten, Inkubationsprojekten und anderen Aktivit\u00e4ten im Zusammenhang mit der Unternehmensentwicklung und Zusammenarbeit teilnehmen.<\/p>\n<p><strong>Wie Ihre Informationen verwendet werden und warum<\/strong><\/p>\n<p>Wir sammeln und verwenden Ihre Daten aus vielen Gr\u00fcnden, z.B. um Ihnen die f\u00fcr Sie relevanten Veranstaltungen und Kurse zu zeigen, um Neuigkeiten mitzuteilen, f\u00fcr Marketingzwecke und wenn es gesetzlich vorgeschrieben ist. <\/p>\n<p><strong>Mit wem wir Ihre Daten teilen und warum<\/strong><\/p>\n<p>Wir k\u00f6nnen Ihre Daten an unsere Partner, die bei der Organisation der Veranstaltung helfen, oder an andere Partner sowie an andere Dritte im Zusammenhang mit dem angebotenen Service weitergeben.<\/p>\n<p><strong>Ihre Wahlm\u00f6glichkeiten und Rechte<\/strong><\/p>\n<p>Sie k\u00f6nnen w\u00e4hlen, ob Sie Marketingmaterial von uns erhalten m\u00f6chten. Sie haben auch das Recht, auf die Informationen zuzugreifen, die wir \u00fcber Sie gespeichert haben. <\/p>\n<p><strong>Wie wir mit Ihren Informationen umgehen<\/strong><\/p>\n<p>Wir treffen stets Vorkehrungen, um sicherzustellen, dass die Daten gesch\u00fctzt sind und sicher gel\u00f6scht werden, wenn wir sie nicht mehr ben\u00f6tigen. Norwegian Wood Cluster verwendet ERP- und CRM-Systeme, die die Anforderungen an die Datenspeicherung erf\u00fcllen. <\/p>\n<p><strong>Kontaktieren Sie uns<\/strong><\/p>\n<p>Wenn Sie Fragen oder Anregungen zu dieser Richtlinie oder zum Umgang mit Ihren Daten haben, kontaktieren Sie uns bitte unter post@nwcluster.no.<\/p>\n<p><strong>Welche Informationen wir haben und woher wir sie bekommen<\/strong><\/p>\n<ul>\n<li>Wenn Sie an Kursen, Veranstaltungen und Kooperationen teilnehmen, die vom Norwegian Wood Cluster organisiert werden, werden wir Ihre Kontakt- und Rechnungsdaten erfassen.<\/li>\n<li>Wenn Sie unsere Websites oder Anwendungen nutzen, erfassen wir Informationen wie den von Ihnen verwendeten Browser und das von Ihnen verwendete Ger\u00e4t, Ihre IP-Adresse, Ihren Standort, die Website, von der Sie gekommen sind, wof\u00fcr Sie unsere Website\/Anwendung genutzt haben und wof\u00fcr nicht, oder welche Website Sie besucht haben, als Sie unsere Website verlassen haben. <\/li>\n<li>Wenn Sie eine Social-Media-Funktion auf unserer Website oder in unseren Anwendungen nutzen und auf Social-Media-Plattformen posten, stellt uns die Social-Media-Organisation bestimmte Informationen \u00fcber Sie zur Verf\u00fcgung.<\/li>\n<\/ul>\n<p>In den wenigen F\u00e4llen, in denen wir personenbezogene Daten von Kindern erheben, fragen wir immer nach der Zustimmung der Eltern und erheben diese Daten nur f\u00fcr die zum Zeitpunkt der Erhebung angegebenen Zwecke.<br \/>\nWir arbeiten mit Anbietern zusammen, die geodemografische Daten erheben, die uns helfen, unsere Dienste besser auf Ihre Bed\u00fcrfnisse abzustimmen.<\/p>\n<p><strong>Wie Ihre Informationen verwendet werden und warum<\/strong><\/p>\n<p>Um unseren Vertrag mit Ihnen zu erf\u00fcllen. Wir verwenden Ihre Daten, wenn Sie einen Vertrag mit uns abschlie\u00dfen (Einschreibung, Kooperationsvereinbarungen, Kurse), um: Sie mit korrekten Informationen zu versorgen. <\/p>\n<p><strong>Rechnungsstellung<\/strong><\/p>\n<p>Ihnen den bestm\u00f6glichen Kundenservice und die beste Beratung zu bieten &#8211; f\u00fcr unsere legitimen Gesch\u00e4ftsinteressen.<\/p>\n<ul>\n<li>Zur Durchf\u00fchrung von Marktforschung und Analysen, die zur Verbesserung und Anpassung unserer Produkte und Dienstleistungen beitragen.<\/li>\n<li>F\u00fcr unsere Marketingzwecke, es sei denn, Ihre Zustimmung ist f\u00fcr ein solches Marketing erforderlich (siehe Abschnitt 3 unten).<\/li>\n<li>Um Ihnen E-Mails im Zusammenhang mit dem Kundenservice zu senden, einschlie\u00dflich Auftragsbest\u00e4tigungen und Veranstaltungserinnerungen. <\/li>\n<li>Um ungesetzliches Verhalten zu verhindern oder aufzudecken, um unsere Rechte zu sch\u00fctzen oder durchzusetzen oder wie anderweitig gesetzlich zul\u00e4ssig. Um zu gew\u00e4hrleisten, dass unsere Aktivit\u00e4ten und die unserer Gesch\u00e4ftspartner sicher und zuverl\u00e4ssig durchgef\u00fchrt werden. \u00dcber Ihre Personalisierungseinstellungen<br \/>\nWir k\u00f6nnen Ihnen mehr von dem geben, was Sie wollen, wenn wir Sie besser kennen. Um sicherzustellen, dass unsere Nachrichten und unsere Website f\u00fcr Sie relevant sind, erstellen wir ein Benutzerprofil mit den Informationen, die wir \u00fcber Sie haben und wie Sie unsere Dienste nutzen. <\/li>\n<\/ul>\n<p><strong>Wenn Sie Ihre Zustimmung gegeben haben<\/strong><\/p>\n<p>Um Sie mit Informationen oder Angeboten \u00fcber bevorstehende Veranstaltungen, Produkte oder Dienstleistungen, die wir anbieten, zu kontaktieren &#8211; per E-Mail, mit Push-Nachrichten und Online-Benachrichtigungen, per SMS oder \u00fcber Social Media-Plattformen.<\/p>\n<p>An wen wir Ihre Daten weitergeben und warum<br \/>\nRegierungsbeh\u00f6rden oder andere befugte Stellen, sofern dies gesetzlich zul\u00e4ssig oder erforderlich ist.<br \/>\nAlle Rechtsnachfolger, die unser Gesch\u00e4ft ganz oder teilweise \u00fcbernehmen.<\/p>\n<p><strong>Ihre Wahlm\u00f6glichkeiten und Rechte<\/strong><\/p>\n<p><strong>Optionen<\/strong><br \/>\nWenn Sie uns Ihre Zustimmung gegeben haben, k\u00f6nnen Sie diese wie folgt widerrufen:<br \/>\nUm kein weiteres Marketingmaterial von uns zu erhalten, k\u00f6nnen Sie Ihre Pr\u00e4ferenzen in Ihren Kontoeinstellungen \u00e4ndern, die Anweisungen zum Abbestellen befolgen, die immer in den E-Mails enthalten sind, die wir Ihnen senden, oder uns kontaktieren und uns bitten, dies f\u00fcr Sie zu tun.<\/p>\n<p>Wenn Sie keine Personalisierung w\u00fcnschen, k\u00f6nnen Sie Ihre Pr\u00e4ferenzen in Ihren Kontoeinstellungen \u00e4ndern. Wenn diese Option nicht verf\u00fcgbar ist, kontaktieren Sie uns bitte und wir werden dies f\u00fcr Sie tun. <\/p>\n<p><strong>Ihre Rechte<\/strong><br \/>\nSie haben auch Rechte in Bezug auf die Verwendung Ihrer pers\u00f6nlichen Daten, einschlie\u00dflich:<\/p>\n<ul>\n<li>Das Recht, der Verarbeitung Ihrer Daten durch uns zu widersprechen.<\/li>\n<li>Das Recht, die L\u00f6schung Ihrer Daten oder die Einschr\u00e4nkung ihrer weiteren Verwendung zu verlangen.<\/li>\n<li>Das Recht, eine Kopie der Informationen anzufordern, die wir \u00fcber Sie gespeichert haben.<\/li>\n<li>Das Recht, die Informationen, die Sie uns zur Verf\u00fcgung gestellt haben, zu korrigieren, zu erg\u00e4nzen oder zu aktualisieren (wenn Sie ein Konto bei uns haben, k\u00f6nnen Sie dies auch tun, indem Sie sich einloggen und Ihre Informationen aktualisieren).<\/li>\n<li>Das Recht, jede Art von automatisierter Entscheidung, die wir \u00fcber Sie treffen, anzufechten. Eine automatisierte Entscheidung ist eine Entscheidung, die ohne menschliches Zutun getroffen wird und rechtliche Konsequenzen hat (z.B. eine Kreditpr\u00fcfung). Normalerweise verwenden wir keine automatisierte Entscheidungsfindung, aber wenn wir dies tun, werden wir Sie dar\u00fcber informieren, wenn solche Entscheidungen getroffen werden.  <\/li>\n<\/ul>\n<p><strong>Wie wir mit Ihren Informationen umgehen<\/strong><\/p>\n<p>Wir haben Sicherheitsma\u00dfnahmen getroffen, um Ihre Daten zu sch\u00fctzen. Die von uns verwendeten Sicherheitsma\u00dfnahmen h\u00e4ngen von der Art der erfassten Informationen ab. <\/p>\n<p>Wir werden Ihre Daten nur so lange aufbewahren, wie es f\u00fcr die Erbringung der von Ihnen angeforderten Dienstleistungen, f\u00fcr die in dieser Richtlinie beschriebenen Zwecke und f\u00fcr rechtliche Zwecke, bei denen wir gesetzlich zur Aufbewahrung der Daten verpflichtet sind, erforderlich ist. Wir werden Ihre Daten gem\u00e4\u00df den Unternehmensrichtlinien sicher l\u00f6schen, wenn sie f\u00fcr diese Zwecke nicht mehr ben\u00f6tigt werden. <\/p>\n<p><strong>Kontaktieren Sie uns<\/strong><\/p>\n<p>Wenn Sie Fragen zu den oben genannten Informationen oder zu unserem Umgang mit dem Datenschutz haben, kontaktieren Sie uns bitte per E-Mail: post@nwcluster.no. Sie k\u00f6nnen sich auch an die norwegische Datenschutzbeh\u00f6rde wenden, aber wir empfehlen Ihnen, sich zun\u00e4chst von uns helfen zu lassen. <\/p>\n<p><strong>Datenschutzerkl\u00e4rung \u00fcber die Erfassung und Verwendung von Informationen \u00fcber Besucher dieser Website.  <\/strong><strong>Statistik.<\/strong><\/p>\n<p>Google Analytics wird verwendet, um Besucherstatistiken f\u00fcr diese Websites zu sammeln. Die Informationen werden zur Analyse des Nutzerverhaltens verwendet, um die Seiten zum Nutzen aller Besucher weiterzuentwickeln.<br \/>\nWenn Sie nicht von Google verfolgt werden m\u00f6chten, k\u00f6nnen Sie sich durch Klicken auf diesen Satz abmelden. <\/p>\n<p><strong>Cookies (Kekse)<\/strong><\/p>\n<p>Cookies sind kleine Textdateien, die auf Ihrem Computer gespeichert werden, wenn Sie eine Website herunterladen. Der Wert der Cookies wird jedes Mal zwischen Ihrem Browser und unserer Website ausgetauscht, wenn Sie eine neue Seite besuchen. Wir verwenden Cookies, um die oben erw\u00e4hnten Besucherstatistiken zu erstellen. Dar\u00fcber hinaus k\u00f6nnen einige Funktionen unserer Website f\u00fcr unsere Besucher nicht optimal funktionieren, wenn die Informationen nicht lokal auf den Computern unserer G\u00e4ste gespeichert sind.   [\/vc_column_text][\/vc_column][\/vc_row]<\/p>\n<\/div>","protected":false},"excerpt":{"rendered":"<p>[vc_row row_height_percent=&#8220;0&#8243; overlay_alpha=&#8220;50&#8243; gutter_size=&#8220;3&#8243; column_width_use_pixel=&#8220;yes&#8220; shift_y=&#8220;0&#8243; z_index=&#8220;0&#8243; content_parallax=&#8220;0&#8243; uncode_shortcode_id=&#8220;364407&#8243; column_width_pixel=&#8220;900&#8243;][vc_column width=&#8220;1\/1&#8243;][vc_custom_heading uncode_shortcode_id=&#8220;315476&#8243;]Datenschutzbestimmungen [\/vc_custom_heading][vc_column_text uncode_shortcode_id=&#8220;372227&#8243;]Die Datenschutzerkl\u00e4rung soll Ihnen die Gewissheit geben, [&hellip;]<\/p>\n","protected":false},"author":1,"featured_media":0,"parent":0,"menu_order":0,"comment_status":"closed","ping_status":"closed","template":"","meta":{"_acf_changed":false,"footnotes":""},"class_list":["post-1908","page","type-page","status-publish","hentry"],"acf":[],"yoast_head":"<!-- This site is optimized with the Yoast SEO plugin v26.3 - https:\/\/yoast.com\/wordpress\/plugins\/seo\/ -->\n<title>Datenschutzbestimmungen - Norwegian Wood Cluster<\/title>\n<meta name=\"robots\" content=\"index, follow, max-snippet:-1, max-image-preview:large, max-video-preview:-1\" \/>\n<link rel=\"canonical\" href=\"https:\/\/nwcluster.no\/de\/datenschutzbestimmungen\/\" \/>\n<meta property=\"og:locale\" content=\"de_DE\" \/>\n<meta property=\"og:type\" content=\"article\" \/>\n<meta property=\"og:title\" content=\"Datenschutzbestimmungen - Norwegian Wood Cluster\" \/>\n<meta property=\"og:description\" content=\"[vc_row row_height_percent=&#8220;0&#8243; overlay_alpha=&#8220;50&#8243; gutter_size=&#8220;3&#8243; column_width_use_pixel=&#8220;yes&#8220; shift_y=&#8220;0&#8243; z_index=&#8220;0&#8243; content_parallax=&#8220;0&#8243; uncode_shortcode_id=&#8220;364407&#8243; column_width_pixel=&#8220;900&#8243;][vc_column width=&#8220;1\/1&#8243;][vc_custom_heading uncode_shortcode_id=&#8220;315476&#8243;]Datenschutzbestimmungen [\/vc_custom_heading][vc_column_text uncode_shortcode_id=&#8220;372227&#8243;]Die Datenschutzerkl\u00e4rung soll Ihnen die Gewissheit geben, [&hellip;]\" \/>\n<meta property=\"og:url\" content=\"https:\/\/nwcluster.no\/de\/datenschutzbestimmungen\/\" \/>\n<meta property=\"og:site_name\" content=\"Norwegian Wood Cluster\" \/>\n<meta property=\"article:modified_time\" content=\"2025-09-15T10:44:29+00:00\" \/>\n<meta name=\"twitter:card\" content=\"summary_large_image\" \/>\n<meta name=\"twitter:label1\" content=\"Est. reading time\" \/>\n\t<meta name=\"twitter:data1\" content=\"8 Minuten\" \/>\n<script type=\"application\/ld+json\" class=\"yoast-schema-graph\">{\"@context\":\"https:\/\/schema.org\",\"@graph\":[{\"@type\":\"WebPage\",\"@id\":\"https:\/\/nwcluster.no\/de\/datenschutzbestimmungen\/\",\"url\":\"https:\/\/nwcluster.no\/de\/datenschutzbestimmungen\/\",\"name\":\"Datenschutzbestimmungen - Norwegian Wood Cluster\",\"isPartOf\":{\"@id\":\"https:\/\/nwcluster.no\/de\/#website\"},\"datePublished\":\"2025-09-15T10:43:58+00:00\",\"dateModified\":\"2025-09-15T10:44:29+00:00\",\"breadcrumb\":{\"@id\":\"https:\/\/nwcluster.no\/de\/datenschutzbestimmungen\/#breadcrumb\"},\"inLanguage\":\"de\",\"potentialAction\":[{\"@type\":\"ReadAction\",\"target\":[\"https:\/\/nwcluster.no\/de\/datenschutzbestimmungen\/\"]}]},{\"@type\":\"BreadcrumbList\",\"@id\":\"https:\/\/nwcluster.no\/de\/datenschutzbestimmungen\/#breadcrumb\",\"itemListElement\":[{\"@type\":\"ListItem\",\"position\":1,\"name\":\"Home\",\"item\":\"https:\/\/nwcluster.no\/de\/\"},{\"@type\":\"ListItem\",\"position\":2,\"name\":\"Datenschutzbestimmungen\"}]},{\"@type\":\"WebSite\",\"@id\":\"https:\/\/nwcluster.no\/de\/#website\",\"url\":\"https:\/\/nwcluster.no\/de\/\",\"name\":\"Norwegian Wood Cluster\",\"description\":\"Vi gir verden innovative ogb\u00e6rekraftige byggel\u00f8sninger i tre\",\"potentialAction\":[{\"@type\":\"SearchAction\",\"target\":{\"@type\":\"EntryPoint\",\"urlTemplate\":\"https:\/\/nwcluster.no\/de\/?s={search_term_string}\"},\"query-input\":{\"@type\":\"PropertyValueSpecification\",\"valueRequired\":true,\"valueName\":\"search_term_string\"}}],\"inLanguage\":\"de\"}]}<\/script>\n<!-- \/ Yoast SEO plugin. -->","yoast_head_json":{"title":"Datenschutzbestimmungen - Norwegian Wood Cluster","robots":{"index":"index","follow":"follow","max-snippet":"max-snippet:-1","max-image-preview":"max-image-preview:large","max-video-preview":"max-video-preview:-1"},"canonical":"https:\/\/nwcluster.no\/de\/datenschutzbestimmungen\/","og_locale":"de_DE","og_type":"article","og_title":"Datenschutzbestimmungen - Norwegian Wood Cluster","og_description":"[vc_row row_height_percent=&#8220;0&#8243; overlay_alpha=&#8220;50&#8243; gutter_size=&#8220;3&#8243; column_width_use_pixel=&#8220;yes&#8220; shift_y=&#8220;0&#8243; z_index=&#8220;0&#8243; content_parallax=&#8220;0&#8243; uncode_shortcode_id=&#8220;364407&#8243; column_width_pixel=&#8220;900&#8243;][vc_column width=&#8220;1\/1&#8243;][vc_custom_heading uncode_shortcode_id=&#8220;315476&#8243;]Datenschutzbestimmungen [\/vc_custom_heading][vc_column_text uncode_shortcode_id=&#8220;372227&#8243;]Die Datenschutzerkl\u00e4rung soll Ihnen die Gewissheit geben, [&hellip;]","og_url":"https:\/\/nwcluster.no\/de\/datenschutzbestimmungen\/","og_site_name":"Norwegian Wood Cluster","article_modified_time":"2025-09-15T10:44:29+00:00","twitter_card":"summary_large_image","twitter_misc":{"Est. reading time":"8 Minuten"},"schema":{"@context":"https:\/\/schema.org","@graph":[{"@type":"WebPage","@id":"https:\/\/nwcluster.no\/de\/datenschutzbestimmungen\/","url":"https:\/\/nwcluster.no\/de\/datenschutzbestimmungen\/","name":"Datenschutzbestimmungen - Norwegian Wood Cluster","isPartOf":{"@id":"https:\/\/nwcluster.no\/de\/#website"},"datePublished":"2025-09-15T10:43:58+00:00","dateModified":"2025-09-15T10:44:29+00:00","breadcrumb":{"@id":"https:\/\/nwcluster.no\/de\/datenschutzbestimmungen\/#breadcrumb"},"inLanguage":"de","potentialAction":[{"@type":"ReadAction","target":["https:\/\/nwcluster.no\/de\/datenschutzbestimmungen\/"]}]},{"@type":"BreadcrumbList","@id":"https:\/\/nwcluster.no\/de\/datenschutzbestimmungen\/#breadcrumb","itemListElement":[{"@type":"ListItem","position":1,"name":"Home","item":"https:\/\/nwcluster.no\/de\/"},{"@type":"ListItem","position":2,"name":"Datenschutzbestimmungen"}]},{"@type":"WebSite","@id":"https:\/\/nwcluster.no\/de\/#website","url":"https:\/\/nwcluster.no\/de\/","name":"Norwegian Wood Cluster","description":"Vi gir verden innovative ogb\u00e6rekraftige byggel\u00f8sninger i tre","potentialAction":[{"@type":"SearchAction","target":{"@type":"EntryPoint","urlTemplate":"https:\/\/nwcluster.no\/de\/?s={search_term_string}"},"query-input":{"@type":"PropertyValueSpecification","valueRequired":true,"valueName":"search_term_string"}}],"inLanguage":"de"}]}},"_links":{"self":[{"href":"https:\/\/nwcluster.no\/de\/wp-json\/wp\/v2\/pages\/1908","targetHints":{"allow":["GET"]}}],"collection":[{"href":"https:\/\/nwcluster.no\/de\/wp-json\/wp\/v2\/pages"}],"about":[{"href":"https:\/\/nwcluster.no\/de\/wp-json\/wp\/v2\/types\/page"}],"author":[{"embeddable":true,"href":"https:\/\/nwcluster.no\/de\/wp-json\/wp\/v2\/users\/1"}],"replies":[{"embeddable":true,"href":"https:\/\/nwcluster.no\/de\/wp-json\/wp\/v2\/comments?post=1908"}],"version-history":[{"count":0,"href":"https:\/\/nwcluster.no\/de\/wp-json\/wp\/v2\/pages\/1908\/revisions"}],"wp:attachment":[{"href":"https:\/\/nwcluster.no\/de\/wp-json\/wp\/v2\/media?parent=1908"}],"curies":[{"name":"wp","href":"https:\/\/api.w.org\/{rel}","templated":true}]}}